{"id":1846,"date":"2022-03-14T11:23:38","date_gmt":"2022-03-14T10:23:38","guid":{"rendered":"http:\/\/bonn.fr\/index.php\/barbecue-et-plancha-copy\/"},"modified":"2022-05-05T16:00:23","modified_gmt":"2022-05-05T14:00:23","slug":"plateaux-repas","status":"publish","type":"page","link":"https:\/\/bonn.fr\/index.php\/plateaux-repas\/","title":{"rendered":"Plateaux-repas"},"content":{"rendered":"\t\t<div data-elementor-type=\"wp-page\" data-elementor-id=\"1846\" class=\"elementor elementor-1846\" data-elementor-settings=\"[]\">\n\t\t\t\t\t\t<div class=\"elementor-inner\">\n\t\t\t\t\t\t\t<div class=\"elementor-section-wrap\">\n\t\t\t\t\t\t\t<section class=\"elementor-section elementor-top-section elementor-element elementor-element-1a499f64 elementor-section-boxed elementor-section-height-default elementor-section-height-default\" data-id=\"1a499f64\" data-element_type=\"section\">\n\t\t\t\t\t\t<div class=\"elementor-container elementor-column-gap-default\">\n\t\t\t\t\t\t\t<div class=\"elementor-row\">\n\t\t\t\t\t<div class=\"elementor-column elementor-col-100 elementor-top-column elementor-element elementor-element-651ff6e6\" data-id=\"651ff6e6\" data-element_type=\"column\">\n\t\t\t<div class=\"elementor-column-wrap\">\n\t\t\t\t\t\t\t<div class=\"elementor-widget-wrap\">\n\t\t\t\t\t\t\t\t<\/div>\n\t\t\t\t\t<\/div>\n\t\t<\/div>\n\t\t\t\t\t\t\t\t<\/div>\n\t\t\t\t\t<\/div>\n\t\t<\/section>\n\t\t\t\t<section class=\"elementor-section elementor-top-section elementor-element elementor-element-4e321ca elementor-section-boxed elementor-section-height-default elementor-section-height-default\" data-id=\"4e321ca\" data-element_type=\"section\">\n\t\t\t\t\t\t<div class=\"elementor-container elementor-column-gap-default\">\n\t\t\t\t\t\t\t<div class=\"elementor-row\">\n\t\t\t\t\t<div class=\"elementor-column elementor-col-100 elementor-top-column elementor-element elementor-element-971de81\" data-id=\"971de81\" data-element_type=\"column\">\n\t\t\t<div class=\"elementor-column-wrap elementor-element-populated\">\n\t\t\t\t\t\t\t<div class=\"elementor-widget-wrap\">\n\t\t\t\t\t\t<section class=\"elementor-section elementor-inner-section elementor-element elementor-element-3fc2fbc elementor-section-boxed elementor-section-height-default elementor-section-height-default\" data-id=\"3fc2fbc\" data-element_type=\"section\">\n\t\t\t\t\t\t<div class=\"elementor-container elementor-column-gap-default\">\n\t\t\t\t\t\t\t<div class=\"elementor-row\">\n\t\t\t\t\t<div class=\"elementor-column elementor-col-50 elementor-inner-column elementor-element elementor-element-bb21e22\" data-id=\"bb21e22\" data-element_type=\"column\">\n\t\t\t<div class=\"elementor-column-wrap elementor-element-populated\">\n\t\t\t\t\t\t\t<div class=\"elementor-widget-wrap\">\n\t\t\t\t\t\t<div class=\"elementor-element elementor-element-0e3fda1 elementor-widget elementor-widget-text-editor\" data-id=\"0e3fda1\" data-element_type=\"widget\" data-widget_type=\"text-editor.default\">\n\t\t\t\t<div class=\"elementor-widget-container\">\n\t\t\t\t\t\t\t\t<div class=\"elementor-text-editor elementor-clearfix\">\n\t\t\t\t<h1 style=\"color: #c48b19;\"><strong>Plateaux-repas<\/strong><\/h1><div>\u00a0<\/div><div><strong>Menu \u00e0 16,50 \u20ac HT par personne<br \/><\/strong><\/div><div>\u00a0<\/div><div><p>Salade de courgettes et crevettes d\u00e9cortiqu\u00e9es au gingembre, vinaigrette au citron<\/p><p><span style=\"font-family: Roboto, sans-serif; font-size: 14px; font-style: normal; font-weight: 400;\">***<\/span><\/p><p>4 petits farcis retour de march\u00e9, champignon, courgette, poivron et tomate sur un lit de mesclun<\/p><p><span style=\"font-family: Roboto, sans-serif; font-size: 14px; font-style: normal; font-weight: 400;\">***<\/span><\/p><p>Portion de fromage affin\u00e9<\/p><p>***<br \/>Crumble de pommes \u00e0 l&rsquo;orange, caramel au beurre sal\u00e9<\/p><p><span style=\"font-family: Roboto, sans-serif; font-size: 14px; font-style: normal; font-weight: 400;\">***<\/span><\/p><p><span style=\"font-family: Lato, sans-serif; font-size: 14px; font-style: normal; font-weight: 400;\">Petit pain, serviette et couverts en bambou<\/span><\/p><p><strong>*********************************************<\/strong><\/p><p><em>Chef : Olivier BERGELIN, disciple d\u2019Auguste ESCOFFIER<\/em><\/p><p><em>Exemple de plateau-repas.\u00a0<\/em><em>Choix identique pour l&rsquo;ensemble des convives. Menus sp\u00e9ciaux sur demande.\u00a0Si vous d\u00e9sirez une prestation plusieurs jours d&rsquo;affil\u00e9e, les menus seront diff\u00e9rents chaque jour.<\/em><\/p><p><em>Possibilit\u00e9 : ajout de mat\u00e9riel, location de mat\u00e9riel (livr\u00e9 propre et rendu sale)<\/em><i><br \/><em>Tous nos tarifs sont affich\u00e9s hors-taxes (suivant la prestation des taxes diff\u00e9rentes s\u2019appliquent :\u00a0 5,5%, 10% ou 20%)<\/em><\/i><\/p><p><em>Nos menus \u00e9voluent avec les produits frais suivant les saisons et peuvent \u00eatre amen\u00e9s \u00e0 changer.\u00a0<\/em><i><em>Nous nous adaptons \u00e0 vos besoins, contactez-nous pour votre devis.<\/em><\/i><\/p><\/div>\t\t\t\t\t<\/div>\n\t\t\t\t\t\t<\/div>\n\t\t\t\t<\/div>\n\t\t\t\t\t\t<\/div>\n\t\t\t\t\t<\/div>\n\t\t<\/div>\n\t\t\t\t<div class=\"elementor-column elementor-col-50 elementor-inner-column elementor-element elementor-element-fdf84cf\" data-id=\"fdf84cf\" data-element_type=\"column\">\n\t\t\t<div class=\"elementor-column-wrap elementor-element-populated\">\n\t\t\t\t\t\t\t<div class=\"elementor-widget-wrap\">\n\t\t\t\t\t\t<div class=\"elementor-element elementor-element-04df992 elementor-widget elementor-widget-image\" data-id=\"04df992\" data-element_type=\"widget\" data-widget_type=\"image.default\">\n\t\t\t\t<div class=\"elementor-widget-container\">\n\t\t\t\t\t\t\t\t<div class=\"elementor-image\">\n\t\t\t\t\t\t\t\t\t\t\t\t<img loading=\"lazy\" decoding=\"async\" width=\"1024\" height=\"705\" src=\"https:\/\/bonn.fr\/wp-content\/uploads\/2022\/03\/Bonn-Traiteur-plateaux-repas-seminaire-pique-nique-plaisance-formation-1024x705.jpg\" class=\"attachment-large size-large\" alt=\"\" \/>\t\t\t\t\t\t\t\t\t\t\t\t\t\t<\/div>\n\t\t\t\t\t\t<\/div>\n\t\t\t\t<\/div>\n\t\t\t\t\t\t<\/div>\n\t\t\t\t\t<\/div>\n\t\t<\/div>\n\t\t\t\t\t\t\t\t<\/div>\n\t\t\t\t\t<\/div>\n\t\t<\/section>\n\t\t\t\t\t\t<\/div>\n\t\t\t\t\t<\/div>\n\t\t<\/div>\n\t\t\t\t\t\t\t\t<\/div>\n\t\t\t\t\t<\/div>\n\t\t<\/section>\n\t\t\t\t<section class=\"elementor-section elementor-top-section elementor-element elementor-element-3864546 elementor-section-boxed elementor-section-height-default elementor-section-height-default\" data-id=\"3864546\" data-element_type=\"section\">\n\t\t\t\t\t\t<div class=\"elementor-container elementor-column-gap-default\">\n\t\t\t\t\t\t\t<div class=\"elementor-row\">\n\t\t\t\t\t<div class=\"elementor-column elementor-col-100 elementor-top-column elementor-element elementor-element-014554c\" data-id=\"014554c\" data-element_type=\"column\">\n\t\t\t<div class=\"elementor-column-wrap elementor-element-populated\">\n\t\t\t\t\t\t\t<div class=\"elementor-widget-wrap\">\n\t\t\t\t\t\t<section class=\"elementor-section elementor-inner-section elementor-element elementor-element-c196b7f elementor-section-boxed elementor-section-height-default elementor-section-height-default\" data-id=\"c196b7f\" data-element_type=\"section\">\n\t\t\t\t\t\t<div class=\"elementor-container elementor-column-gap-default\">\n\t\t\t\t\t\t\t<div class=\"elementor-row\">\n\t\t\t\t\t<div class=\"elementor-column elementor-col-50 elementor-inner-column elementor-element elementor-element-75401d6\" data-id=\"75401d6\" data-element_type=\"column\">\n\t\t\t<div class=\"elementor-column-wrap elementor-element-populated\">\n\t\t\t\t\t\t\t<div class=\"elementor-widget-wrap\">\n\t\t\t\t\t\t<div class=\"elementor-element elementor-element-98018e4 elementor-widget elementor-widget-image\" data-id=\"98018e4\" data-element_type=\"widget\" data-widget_type=\"image.default\">\n\t\t\t\t<div class=\"elementor-widget-container\">\n\t\t\t\t\t\t\t\t<div class=\"elementor-image\">\n\t\t\t\t\t\t\t\t\t\t\t\t<img loading=\"lazy\" decoding=\"async\" width=\"705\" height=\"529\" src=\"https:\/\/bonn.fr\/wp-content\/uploads\/2022\/03\/Bonn-Traiteur-Plateaux-repas-pour-plaisance-randonnee-pique-nique-formation-seminaire-bureau-705x529.jpg\" class=\"attachment-gallery_grid size-gallery_grid\" alt=\"\" \/>\t\t\t\t\t\t\t\t\t\t\t\t\t\t<\/div>\n\t\t\t\t\t\t<\/div>\n\t\t\t\t<\/div>\n\t\t\t\t\t\t<\/div>\n\t\t\t\t\t<\/div>\n\t\t<\/div>\n\t\t\t\t<div class=\"elementor-column elementor-col-50 elementor-inner-column elementor-element elementor-element-ec67755\" data-id=\"ec67755\" data-element_type=\"column\">\n\t\t\t<div class=\"elementor-column-wrap elementor-element-populated\">\n\t\t\t\t\t\t\t<div class=\"elementor-widget-wrap\">\n\t\t\t\t\t\t<div class=\"elementor-element elementor-element-0417a83 elementor-widget elementor-widget-heading\" data-id=\"0417a83\" data-element_type=\"widget\" data-widget_type=\"heading.default\">\n\t\t\t\t<div class=\"elementor-widget-container\">\n\t\t\t<h1 class=\"elementor-heading-title elementor-size-default\">avec plat froid<\/h1>\t\t<\/div>\n\t\t\t\t<\/div>\n\t\t\t\t<div class=\"elementor-element elementor-element-0f34094 elementor-widget elementor-widget-text-editor\" data-id=\"0f34094\" data-element_type=\"widget\" data-widget_type=\"text-editor.default\">\n\t\t\t\t<div class=\"elementor-widget-container\">\n\t\t\t\t\t\t\t\t<div class=\"elementor-text-editor elementor-clearfix\">\n\t\t\t\t<p style=\"text-align: right;\"><b>Menu \u00e0 26 \u20ac HT par personne<\/b><\/p><p style=\"text-align: right;\">Salade de crabe, mangue et avocat, vinaigrette aux fruits de la passion<\/p><p style=\"text-align: right;\">***<\/p><p style=\"text-align: right;\">Salade italienne au fromage de ch\u00e8vre frais, jambon cru, tomates s\u00e9ch\u00e9es et tapenade d&rsquo;olives noires<\/p><p style=\"text-align: right;\">***<\/p><p style=\"text-align: right;\">R\u00f4ti de veau froid, sauce mangue et citronnelle<br \/>Fine ratatouille proven\u00e7ale cuite 7 heures \u00e0 basse temp\u00e9rature<\/p><p style=\"text-align: right;\">ou<\/p><p style=\"text-align: right;\">Filet de saumon frais juste raidi<br \/>Salade de fenouil au citron confit<\/p><p style=\"text-align: right;\">***<\/p><p style=\"text-align: right;\">Brochettes de fruits frais du moment<\/p><p style=\"text-align: right;\">***<\/p><p style=\"text-align: right;\">Petit pain, serviette et couverts en bambou<\/p><p style=\"text-align: right;\">*********************************************<\/p><p style=\"text-align: right;\"><em>Chef : Olivier BERGELIN, disciple d\u2019Auguste ESCOFFIER<\/em><\/p><p style=\"text-align: right;\"><em>Exemple de plateau-repas. Choix identique pour l&rsquo;ensemble des convives. Menus sp\u00e9ciaux sur demande. Si vous d\u00e9sirez une prestation plusieurs jours d&rsquo;affil\u00e9e, les menus seront diff\u00e9rents chaque jour.<\/em><\/p><p style=\"text-align: right;\"><em>Possibilit\u00e9 : ajout de mat\u00e9riel, location de mat\u00e9riel (livr\u00e9 propre et rendu sale)<\/em><\/p><p style=\"text-align: right;\"><em>Nos menus \u00e9voluent avec les produits frais suivant les saisons et peuvent \u00eatre amen\u00e9s \u00e0 changer. Nous nous adaptons \u00e0 vos besoins, contactez-nous pour votre devis.<\/em><\/p>\t\t\t\t\t<\/div>\n\t\t\t\t\t\t<\/div>\n\t\t\t\t<\/div>\n\t\t\t\t\t\t<\/div>\n\t\t\t\t\t<\/div>\n\t\t<\/div>\n\t\t\t\t\t\t\t\t<\/div>\n\t\t\t\t\t<\/div>\n\t\t<\/section>\n\t\t\t\t\t\t<\/div>\n\t\t\t\t\t<\/div>\n\t\t<\/div>\n\t\t\t\t\t\t\t\t<\/div>\n\t\t\t\t\t<\/div>\n\t\t<\/section>\n\t\t\t\t<section class=\"elementor-section elementor-top-section elementor-element elementor-element-b4364f8 elementor-section-boxed elementor-section-height-default elementor-section-height-default\" data-id=\"b4364f8\" data-element_type=\"section\">\n\t\t\t\t\t\t<div class=\"elementor-container elementor-column-gap-default\">\n\t\t\t\t\t\t\t<div class=\"elementor-row\">\n\t\t\t\t\t<div class=\"elementor-column elementor-col-100 elementor-top-column elementor-element elementor-element-e1311c7\" data-id=\"e1311c7\" data-element_type=\"column\">\n\t\t\t<div class=\"elementor-column-wrap elementor-element-populated\">\n\t\t\t\t\t\t\t<div class=\"elementor-widget-wrap\">\n\t\t\t\t\t\t<section class=\"elementor-section elementor-inner-section elementor-element elementor-element-b47701c elementor-section-boxed elementor-section-height-default elementor-section-height-default\" data-id=\"b47701c\" data-element_type=\"section\">\n\t\t\t\t\t\t<div class=\"elementor-container elementor-column-gap-default\">\n\t\t\t\t\t\t\t<div class=\"elementor-row\">\n\t\t\t\t\t<div class=\"elementor-column elementor-col-50 elementor-inner-column elementor-element elementor-element-8f2be5b\" data-id=\"8f2be5b\" data-element_type=\"column\">\n\t\t\t<div class=\"elementor-column-wrap elementor-element-populated\">\n\t\t\t\t\t\t\t<div class=\"elementor-widget-wrap\">\n\t\t\t\t\t\t<div class=\"elementor-element elementor-element-f773a85 elementor-widget elementor-widget-text-editor\" data-id=\"f773a85\" data-element_type=\"widget\" data-widget_type=\"text-editor.default\">\n\t\t\t\t<div class=\"elementor-widget-container\">\n\t\t\t\t\t\t\t\t<div class=\"elementor-text-editor elementor-clearfix\">\n\t\t\t\t<h1 style=\"font-style: normal; color: #c48b19; letter-spacing: normal; text-align: left;\"><strong>avec plat chaud<\/strong><\/h1>\n<p><strong>Menu \u00e0 26 \u20ac HT par personne<\/strong><\/p>\n<p>Salade d&rsquo;asperges vertes et \u0153uf mollet, tomates&nbsp;confites, pistou et pignons grill\u00e9s<\/p>\n<p>***<\/p>\n<p>Chiffonade de coppa et ses poivrons rouges marin\u00e9s au&nbsp;romarin, thym et ail frais<\/p>\n<p>***<\/p>\n<p>Parmentier de cuisses de canard r\u00f4ties, jus court et&nbsp;compot\u00e9e d&rsquo;\u00e9chalotes<\/p>\n<p>ou<\/p>\n<p>Pennes au homard et cr\u00e8me de crustac\u00e9s, gratin\u00e9es \u00e0 la&nbsp;mozzarella di buffala et basilic frais<\/p>\n<p>***<br>Tartelettes au chocolat noir Guanaja et confit de framboises<\/p>\n<p>***<\/p>\n<p>Petit pain, serviette et couverts en bambou<\/p>\n<p><strong>*********************************************<\/strong><\/p>\n<p><em style=\"font-weight: inherit;\">Chef : Olivier BERGELIN, disciple d\u2019Auguste ESCOFFIER<\/em><\/p>\n<p><em style=\"font-weight: inherit;\">Exemple de plateau-repas.&nbsp;Choix identique pour&nbsp;l&rsquo;ensemble des convives. Menus sp\u00e9ciaux sur demande.&nbsp;<\/em><em>Si vous d\u00e9sirez une prestation plusieurs jours d&rsquo;affil\u00e9e, les menus seront&nbsp;diff\u00e9rents chaque jour.<\/em><\/p>\n<p><em style=\"font-weight: inherit;\">Possibilit\u00e9 : ajout de mat\u00e9riel, location de mat\u00e9riel&nbsp;(livr\u00e9 propre et rendu sale)<\/em><em><br>Tous nos tarifs sont affich\u00e9s hors-taxes (suivant la prestation des taxes&nbsp;diff\u00e9rentes s\u2019appliquent :&nbsp; 5,5%, 10% ou 20%)<\/em><\/p>\n<p><em style=\"font-weight: inherit;\">Nos menus \u00e9voluent avec les produits frais suivant les&nbsp;saisons et peuvent \u00eatre amen\u00e9s \u00e0 changer.&nbsp;<\/em><em>Nous nous adaptons \u00e0 vos besoins, contactez-nous pour votre devis.<\/em><\/p>\n<p><\/p>\t\t\t\t\t<\/div>\n\t\t\t\t\t\t<\/div>\n\t\t\t\t<\/div>\n\t\t\t\t\t\t<\/div>\n\t\t\t\t\t<\/div>\n\t\t<\/div>\n\t\t\t\t<div class=\"elementor-column elementor-col-50 elementor-inner-column elementor-element elementor-element-ea06d1a\" data-id=\"ea06d1a\" data-element_type=\"column\">\n\t\t\t<div class=\"elementor-column-wrap elementor-element-populated\">\n\t\t\t\t\t\t\t<div class=\"elementor-widget-wrap\">\n\t\t\t\t\t\t<div class=\"elementor-element elementor-element-e407121 elementor-widget elementor-widget-image\" data-id=\"e407121\" data-element_type=\"widget\" data-widget_type=\"image.default\">\n\t\t\t\t<div class=\"elementor-widget-container\">\n\t\t\t\t\t\t\t\t<div class=\"elementor-image\">\n\t\t\t\t\t\t\t\t\t\t\t\t<img loading=\"lazy\" decoding=\"async\" width=\"1024\" height=\"822\" src=\"https:\/\/bonn.fr\/wp-content\/uploads\/2022\/03\/micheile-com-visual-stories-NupITGQy9Wk-unsplash-1024x822.jpg\" class=\"attachment-large size-large\" alt=\"\" \/>\t\t\t\t\t\t\t\t\t\t\t\t\t\t<\/div>\n\t\t\t\t\t\t<\/div>\n\t\t\t\t<\/div>\n\t\t\t\t\t\t<\/div>\n\t\t\t\t\t<\/div>\n\t\t<\/div>\n\t\t\t\t\t\t\t\t<\/div>\n\t\t\t\t\t<\/div>\n\t\t<\/section>\n\t\t\t\t\t\t<\/div>\n\t\t\t\t\t<\/div>\n\t\t<\/div>\n\t\t\t\t\t\t\t\t<\/div>\n\t\t\t\t\t<\/div>\n\t\t<\/section>\n\t\t\t\t\t\t<\/div>\n\t\t\t\t\t\t<\/div>\n\t\t\t\t\t<\/div>\n\t\t","protected":false},"excerpt":{"rendered":"<p>Plateaux-repas \u00a0Menu \u00e0 16,50 \u20ac HT par personne\u00a0 Salade de courgettes et crevettes d\u00e9cortiqu\u00e9es au gingembre, vinaigrette au citron *** 4 petits farcis retour de march\u00e9, champignon, courgette, poivron et tomate sur un lit de mesclun *** Portion de fromage [&hellip;]<\/p>\n","protected":false},"author":1,"featured_media":0,"parent":0,"menu_order":2,"comment_status":"closed","ping_status":"closed","template":"","meta":{"footnotes":""},"class_list":["post-1846","page","type-page","status-publish","hentry"],"_links":{"self":[{"href":"https:\/\/bonn.fr\/index.php\/wp-json\/wp\/v2\/pages\/1846","targetHints":{"allow":["GET"]}}],"collection":[{"href":"https:\/\/bonn.fr\/index.php\/wp-json\/wp\/v2\/pages"}],"about":[{"href":"https:\/\/bonn.fr\/index.php\/wp-json\/wp\/v2\/types\/page"}],"author":[{"embeddable":true,"href":"https:\/\/bonn.fr\/index.php\/wp-json\/wp\/v2\/users\/1"}],"replies":[{"embeddable":true,"href":"https:\/\/bonn.fr\/index.php\/wp-json\/wp\/v2\/comments?post=1846"}],"version-history":[{"count":99,"href":"https:\/\/bonn.fr\/index.php\/wp-json\/wp\/v2\/pages\/1846\/revisions"}],"predecessor-version":[{"id":1990,"href":"https:\/\/bonn.fr\/index.php\/wp-json\/wp\/v2\/pages\/1846\/revisions\/1990"}],"wp:attachment":[{"href":"https:\/\/bonn.fr\/index.php\/wp-json\/wp\/v2\/media?parent=1846"}],"curies":[{"name":"wp","href":"https:\/\/api.w.org\/{rel}","templated":true}]}}