{"id":2055,"date":"2024-02-12T11:28:53","date_gmt":"2024-02-12T10:28:53","guid":{"rendered":"https:\/\/bonn.fr\/index.php\/barbecue-et-plancha-copy\/"},"modified":"2024-04-19T16:50:30","modified_gmt":"2024-04-19T14:50:30","slug":"menu-thematique","status":"publish","type":"page","link":"https:\/\/bonn.fr\/index.php\/menu-thematique\/","title":{"rendered":"PLATS A EMPORTER OU DEGUSTER SUR PLACE"},"content":{"rendered":"\t\t<div data-elementor-type=\"wp-page\" data-elementor-id=\"2055\" class=\"elementor elementor-2055\" data-elementor-settings=\"[]\">\n\t\t\t\t\t\t<div class=\"elementor-inner\">\n\t\t\t\t\t\t\t<div class=\"elementor-section-wrap\">\n\t\t\t\t\t\t\t<section class=\"elementor-section elementor-top-section elementor-element elementor-element-236ac40b elementor-section-boxed elementor-section-height-default elementor-section-height-default\" data-id=\"236ac40b\" data-element_type=\"section\">\n\t\t\t\t\t\t<div class=\"elementor-container elementor-column-gap-default\">\n\t\t\t\t\t\t\t<div class=\"elementor-row\">\n\t\t\t\t\t<div class=\"elementor-column elementor-col-100 elementor-top-column elementor-element elementor-element-5bc54ac1\" data-id=\"5bc54ac1\" data-element_type=\"column\">\n\t\t\t<div class=\"elementor-column-wrap elementor-element-populated\">\n\t\t\t\t\t\t\t<div class=\"elementor-widget-wrap\">\n\t\t\t\t\t\t<div class=\"elementor-element elementor-element-14a10353 elementor-widget elementor-widget-text-editor\" data-id=\"14a10353\" data-element_type=\"widget\" data-widget_type=\"text-editor.default\">\n\t\t\t\t<div class=\"elementor-widget-container\">\n\t\t\t\t\t\t\t\t<div class=\"elementor-text-editor elementor-clearfix\">\n\t\t\t\t<div class=\"one\"><div class=\"page_content_wrapper nopadding\"><div class=\"one_half_bg textright\" style=\"padding: 30px;\"><h2 class=\"ppb_title\" style=\"color: #c48b19;\">PLATS A\u00a0EMPORTER OU DEGUSTER SUR PLACE<\/h2><div>\u00a0<\/div><div class=\"nicepadding\"><strong>Nos menus changent chaque jour pour suivre le rythme des saisons et l&rsquo;inspiration de notre Chef ! <\/strong><\/div><div class=\"nicepadding\"><strong>Voici un exemple de menu \u00e0 emporter de 9h00 \u00e0 15h00 ou \u00e0 d\u00e9guster sur place de 11h30 \u00e0 15h00, du lundi au vendredi.<\/strong><\/div><div>\u00a0<\/div><div class=\"nicepadding\"><p>LUNDI<\/p><p><em>Filet de daurade royale, fenouil confit au citron.\u00a0 12,00\u20ac<\/em><\/p><p><em>Penne arrabiata, basilic et mozzarella di Buffala.\u00a010,00\u20ac<\/em><\/p><p><em>Cr\u00e8me caramel \u00e0 l&rsquo;anis \u00e9toil\u00e9\u00a0ou\u00a0Salade de fruits exotiques.\u00a04,00\u20ac<\/em><\/p><p>***<\/p><p>MARDI<\/p><p><em>Saucisses de Toulouse aux lentilles vertes, sauce tomate. 10,00\u20ac<\/em><\/p><p><em>Gambas r\u00f4ties sauce Vierge, riz aux petits l\u00e9gumes. 12,00\u20ac<\/em><\/p><p><em>Cr\u00e8me caramel \u00e0 l&rsquo;anis \u00e9toil\u00e9\u00a0ou\u00a0Salade de fruits exotiques.\u00a04,00\u20ac<\/em><\/p><p>***<\/p><p>MERCREDI<\/p><p><em>Navarin d&rsquo;agneau printanier. 12,00\u20ac<\/em><\/p><p><em>Cuisse de poulet au cidre et ail doux, carottes aux herbes. 10,00\u20ac<\/em><\/p><p><em>Cr\u00e8me caramel \u00e0 l&rsquo;anis \u00e9toil\u00e9\u00a0ou\u00a0Salade de fruits exotiques.\u00a04,00\u20ac<\/em><\/p><p>***<\/p><p>JEUDI<\/p><p><em>R\u00f4ti de porc aux oignons, courgettes saut\u00e9es. 12,00\u20ac<\/em><\/p><p><em>Spaghetti sauce bolognaise, parmesan Reggiano. 10,00\u20ac<\/em><\/p><p><em>Cr\u00e8me caramel \u00e0 l&rsquo;anis \u00e9toil\u00e9\u00a0ou\u00a0Salade de fruits exotiques.\u00a04,00\u20ac<\/em><\/p><\/div><p>***<\/p><div class=\"nicepadding\">VENDREDI<\/div><div>\u00a0<\/div><div class=\"nicepadding\"><em>Osso bucco de veau aux agrumes, tagliatelles au jus. 12,00\u20ac<\/em><\/div><div>\u00a0<\/div><div class=\"nicepadding\"><em>Pav\u00e9 de saumon tha\u00ef, l\u00e9gumes saut\u00e9s. 10,00\u20ac<\/em><\/div><div>\u00a0<\/div><div class=\"nicepadding\"><em>Cr\u00e8me caramel \u00e0 l&rsquo;anis \u00e9toil\u00e9\u00a0ou\u00a0Salade de fruits exotiques.\u00a04,00\u20ac<\/em><\/div><\/div><div>\u00a0<\/div><div class=\"one_half_bg textright\" style=\"padding: 30px;\"><div class=\"nicepadding\"><h2 class=\"ppb_title\" style=\"color: #c48b19;\"><img loading=\"lazy\" decoding=\"async\" class=\"alignnone wp-image-2216 size-full\" src=\"http:\/\/bonn.fr\/wp-content\/uploads\/2024\/04\/AdobeStock_310200105.jpeg\" alt=\"\" width=\"1920\" height=\"1280\" \/><\/h2><p><strong>*********************************************<\/strong><\/p><p><em>Chef : Olivier BERGELIN, disciple d\u2019Auguste ESCOFFIER<\/em><\/p><p><em>Possibilit\u00e9 : ajout de mat\u00e9riel, location de mat\u00e9riel (livr\u00e9 propre et rendu sale)<\/em><i><br \/><em>Tous nos tarifs sont affich\u00e9s hors-taxes (suivant la prestation des taxes diff\u00e9rentes s\u2019appliquent :\u00a0 5,5%, 10% ou 20%)<\/em><\/i><\/p><p><em>Nos menus \u00e9voluent avec les produits frais suivant les saisons et peuvent \u00eatre amen\u00e9s \u00e0 changer.<\/em><i><br \/><em>Nous nous adaptons \u00e0 vos besoins, contactez-nous pour votre devis.<\/em><\/i><\/p><\/div><\/div><\/div><\/div><div class=\"divider one\">\u00a0<\/div>\t\t\t\t\t<\/div>\n\t\t\t\t\t\t<\/div>\n\t\t\t\t<\/div>\n\t\t\t\t\t\t<\/div>\n\t\t\t\t\t<\/div>\n\t\t<\/div>\n\t\t\t\t\t\t\t\t<\/div>\n\t\t\t\t\t<\/div>\n\t\t<\/section>\n\t\t\t\t\t\t<\/div>\n\t\t\t\t\t\t<\/div>\n\t\t\t\t\t<\/div>\n\t\t","protected":false},"excerpt":{"rendered":"<p>PLATS A\u00a0EMPORTER OU DEGUSTER SUR PLACE \u00a0Nos menus changent chaque jour pour suivre le rythme des saisons et l&rsquo;inspiration de notre Chef ! Voici un exemple de menu \u00e0 emporter de 9h00 \u00e0 15h00 ou \u00e0 d\u00e9guster sur place de [&hellip;]<\/p>\n","protected":false},"author":1,"featured_media":0,"parent":0,"menu_order":2,"comment_status":"closed","ping_status":"closed","template":"","meta":{"footnotes":""},"class_list":["post-2055","page","type-page","status-publish","hentry"],"_links":{"self":[{"href":"https:\/\/bonn.fr\/index.php\/wp-json\/wp\/v2\/pages\/2055","targetHints":{"allow":["GET"]}}],"collection":[{"href":"https:\/\/bonn.fr\/index.php\/wp-json\/wp\/v2\/pages"}],"about":[{"href":"https:\/\/bonn.fr\/index.php\/wp-json\/wp\/v2\/types\/page"}],"author":[{"embeddable":true,"href":"https:\/\/bonn.fr\/index.php\/wp-json\/wp\/v2\/users\/1"}],"replies":[{"embeddable":true,"href":"https:\/\/bonn.fr\/index.php\/wp-json\/wp\/v2\/comments?post=2055"}],"version-history":[{"count":34,"href":"https:\/\/bonn.fr\/index.php\/wp-json\/wp\/v2\/pages\/2055\/revisions"}],"predecessor-version":[{"id":2230,"href":"https:\/\/bonn.fr\/index.php\/wp-json\/wp\/v2\/pages\/2055\/revisions\/2230"}],"wp:attachment":[{"href":"https:\/\/bonn.fr\/index.php\/wp-json\/wp\/v2\/media?parent=2055"}],"curies":[{"name":"wp","href":"https:\/\/api.w.org\/{rel}","templated":true}]}}