{"id":67,"date":"2019-06-06T14:04:25","date_gmt":"2019-06-06T12:04:25","guid":{"rendered":"http:\/\/www.bonn.fr\/?page_id=67"},"modified":"2022-01-24T12:09:19","modified_gmt":"2022-01-24T11:09:19","slug":"le-savoir-faire","status":"publish","type":"page","link":"https:\/\/bonn.fr\/index.php\/le-savoir-faire\/","title":{"rendered":"Le savoir-faire"},"content":{"rendered":"<div  class=\"one ppb_card_two_cols_with_image\" style=\"position:relative;padding:0px 0 0px 0;\" >\n<div class=\"standard_wrapper\">\n<div class=\"page_content_wrapper\">\n<div class=\"inner\">\n<div class=\"one_half parallax_scroll\" style=\"width:50%;position:absolute;left:90px;padding:0px;z-index:2;block !important;background:#fff;\" data-stellar-ratio=\"1.3\">\n<h2 class=\"ppb_title\" ><span class=\"ppb_title_first\" >Passion,<\/span>inspiration &amp; exigence<\/h2>\n<div class=\"page_header_sep left\" ><\/div>\n<p>Passionn\u00e9 par l\u2019univers gastronomique, Olivier Bergelin entreprend des \u00e9tudes de cuisine et de p\u00e2tisserie avant de faire son apprentissage dans le restaurant \u00e9toil\u00e9 Les Gourmets. Disciple d&rsquo;Auguste Escoffier, il se sp\u00e9cialise en buffets sal\u00e9s et cr\u00e9ations glac\u00e9es avant d\u2019int\u00e9grer le Grand H\u00f4tel de Saint Jean Cap Ferrat o\u00f9 il propose pendant 15 ans une cuisine gastronomique inspir\u00e9e des saveurs m\u00e9diterran\u00e9ennes.<\/p>\n<p>Globe-trotter dans l\u2019\u00e2me, il s\u2019envole pour le Mexique et devient Chef Ex\u00e9cutif de l\u2019H\u00f4tel 4 \u00e9toiles Bel Air Costa Careyes. Parall\u00e8lement, il exerce comme Chef particulier pour des personnalit\u00e9s de la sc\u00e8ne politique et artistique internationale telles que Sir Elton John, Victoria et David Beckham&#8230;<\/p>\n<p>En 2019, c\u2019est fort de ces ann\u00e9es d&rsquo;exp\u00e9rience qu\u2019il se lance en famille dans une nouvelle aventure : devenir le 1er traiteur \u00e9v\u00e9nementiel du Var et des Alpes maritimes. Sa cuisine de haute pr\u00e9cision, sinc\u00e8re et conviviale repose sur des valeurs simples : travailler avec rigueur, valoriser les produits frais, respecter leur saisonnalit\u00e9 et proposer une approche sur-mesure \u00e0 ses clients. <\/p>\n<p>C\u2019est entour\u00e9 d\u2019une \u00e9quipe de passionn\u00e9s qu\u2019il propose aujourd\u2019hui des plats authentiques et savoureux et \u00e9labore des \u00e9v\u00e9nements enti\u00e8rement personnalis\u00e9s pour les entreprises et les particuliers.<\/p><\/div>\n<div class=\"one_half parallax_scroll_image last\" style=\"width:50%;\"><\/div>\n<p><br class=\"clear\"\/><\/div>\n<\/div>\n<\/div>\n<\/div>\n<div  class=\"one ppb_card_two_cols_with_image\" style=\"position:relative;padding:0px 0 0px 0;\" >\n<div class=\"standard_wrapper\">\n<div class=\"page_content_wrapper\">\n<div class=\"inner\">\n<div class=\"one_half parallax_scroll\" style=\"width:50%;position:absolute;left:90px;padding:0px;z-index:2;block !important;background:#fff;\" data-stellar-ratio=\"1.3\">\n<h2 class=\"ppb_title\" ><span class=\"ppb_title_first\" >Passion,<\/span>inspiration &amp; exigence<\/h2>\n<div class=\"page_header_sep left\" ><\/div>\n<p>Passionn\u00e9 par l\u2019univers gastronomique, Olivier Bergelin entreprend des \u00e9tudes de cuisine et de p\u00e2tisserie avant de faire son apprentissage dans le restaurant \u00e9toil\u00e9 Les Gourmets. Disciple d&rsquo;Auguste Escoffier, il se sp\u00e9cialise en buffets sal\u00e9s et cr\u00e9ations glac\u00e9es avant d\u2019int\u00e9grer le Grand H\u00f4tel de Saint Jean Cap Ferrat o\u00f9 il propose pendant 15 ans une cuisine gastronomique inspir\u00e9e des saveurs m\u00e9diterran\u00e9ennes.<\/p>\n<p>Globe-trotter dans l\u2019\u00e2me, il s\u2019envole pour le Mexique et devient Chef Ex\u00e9cutif de l\u2019H\u00f4tel 4 \u00e9toiles Bel Air Costa Careyes. Parall\u00e8lement, il exerce comme Chef particulier pour des personnalit\u00e9s de la sc\u00e8ne politique et artistique internationale telles que Sir Elton John, Victoria et David Beckham&#8230;<\/p>\n<p>En 2019, c\u2019est fort de ces ann\u00e9es d&rsquo;exp\u00e9rience qu\u2019il se lance en famille dans une nouvelle aventure : devenir le 1er traiteur \u00e9v\u00e9nementiel du Var et des Alpes maritimes. Sa cuisine de haute pr\u00e9cision, sinc\u00e8re et conviviale repose sur des valeurs simples : travailler avec rigueur, valoriser les produits frais, respecter leur saisonnalit\u00e9 et proposer une approche sur-mesure \u00e0 ses clients. <\/p>\n<p>C\u2019est entour\u00e9 d\u2019une \u00e9quipe de passionn\u00e9s qu\u2019il propose aujourd\u2019hui des plats authentiques et savoureux et \u00e9labore des \u00e9v\u00e9nements enti\u00e8rement personnalis\u00e9s pour les entreprises et les particuliers.<\/p><\/div>\n<div class=\"one_half parallax_scroll_image last\" style=\"width:50%;\"><\/div>\n<p><br class=\"clear\"\/><\/div>\n<\/div>\n<\/div>\n<\/div>\n<div  class=\"one ppb_card_two_cols_with_image\" style=\"position:relative;padding:0px 0 0px 0;\" >\n<div class=\"standard_wrapper\">\n<div class=\"page_content_wrapper\">\n<div class=\"inner\">\n<div class=\"one_half parallax_scroll\" style=\"width:50%;position:absolute;left:90px;padding:0px;z-index:2;block !important;background:#fff;\" data-stellar-ratio=\"1.3\">\n<h2 class=\"ppb_title\" ><span class=\"ppb_title_first\" >Passion,<\/span>inspiration &amp; exigence<\/h2>\n<div class=\"page_header_sep left\" ><\/div>\n<p>Passionn\u00e9 par l\u2019univers gastronomique, Olivier Bergelin entreprend des \u00e9tudes de cuisine et de p\u00e2tisserie avant de faire son apprentissage dans le restaurant \u00e9toil\u00e9 Les Gourmets. Disciple d&rsquo;Auguste Escoffier, il se sp\u00e9cialise en buffets sal\u00e9s et cr\u00e9ations glac\u00e9es avant d\u2019int\u00e9grer le Grand H\u00f4tel de Saint Jean Cap Ferrat o\u00f9 il propose pendant 15 ans une cuisine gastronomique inspir\u00e9e des saveurs m\u00e9diterran\u00e9ennes.<\/p>\n<p>Globe-trotter dans l\u2019\u00e2me, il s\u2019envole pour le Mexique et devient Chef Ex\u00e9cutif de l\u2019H\u00f4tel 4 \u00e9toiles Bel Air Costa Careyes. Parall\u00e8lement, il exerce comme Chef particulier pour des personnalit\u00e9s de la sc\u00e8ne politique et artistique internationale telles que Sir Elton John, Victoria et David Beckham&#8230;<\/p>\n<p>En 2019, c\u2019est fort de ces ann\u00e9es d&rsquo;exp\u00e9rience qu\u2019il se lance en famille dans une nouvelle aventure : devenir le 1er traiteur \u00e9v\u00e9nementiel du Var et des Alpes maritimes. Sa cuisine de haute pr\u00e9cision, sinc\u00e8re et conviviale repose sur des valeurs simples : travailler avec rigueur, valoriser les produits frais, respecter leur saisonnalit\u00e9 et proposer une approche sur-mesure \u00e0 ses clients. <\/p>\n<p>C\u2019est entour\u00e9 d\u2019une \u00e9quipe de passionn\u00e9s qu\u2019il propose aujourd\u2019hui des plats authentiques et savoureux et \u00e9labore des \u00e9v\u00e9nements enti\u00e8rement personnalis\u00e9s pour les entreprises et les particuliers.<\/p><\/div>\n<div class=\"one_half parallax_scroll_image last\" style=\"width:50%;\"><\/div>\n<p><br class=\"clear\"\/><\/div>\n<\/div>\n<\/div>\n<\/div>\n<div  class=\"one ppb_card_two_cols_with_image\" style=\"position:relative;padding:0px 0 0px 0;\" >\n<div class=\"standard_wrapper\">\n<div class=\"page_content_wrapper\">\n<div class=\"inner\">\n<div class=\"one_half parallax_scroll\" style=\"width:50%;position:absolute;left:90px;padding:0px;z-index:2;block !important;background:#fff;\" data-stellar-ratio=\"1.3\">\n<h2 class=\"ppb_title\" ><span class=\"ppb_title_first\" >Passion,<\/span>inspiration &amp; exigence<\/h2>\n<div class=\"page_header_sep left\" ><\/div>\n<p>Passionn\u00e9 par l\u2019univers gastronomique, Olivier Bergelin entreprend des \u00e9tudes de cuisine et de p\u00e2tisserie avant de faire son apprentissage dans le restaurant \u00e9toil\u00e9 Les Gourmets. Disciple d&rsquo;Auguste Escoffier, il se sp\u00e9cialise en buffets sal\u00e9s et cr\u00e9ations glac\u00e9es avant d\u2019int\u00e9grer le Grand H\u00f4tel de Saint Jean Cap Ferrat o\u00f9 il propose pendant 15 ans une cuisine gastronomique inspir\u00e9e des saveurs m\u00e9diterran\u00e9ennes.<\/p>\n<p>Globe-trotter dans l\u2019\u00e2me, il s\u2019envole pour le Mexique et devient Chef Ex\u00e9cutif de l\u2019H\u00f4tel 4 \u00e9toiles Bel Air Costa Careyes. Parall\u00e8lement, il exerce comme Chef particulier pour des personnalit\u00e9s de la sc\u00e8ne politique et artistique internationale telles que Sir Elton John, Victoria et David Beckham&#8230;<\/p>\n<p>En 2019, c\u2019est fort de ces ann\u00e9es d&rsquo;exp\u00e9rience qu\u2019il se lance en famille dans une nouvelle aventure : devenir le 1er traiteur \u00e9v\u00e9nementiel du Var et des Alpes maritimes. Sa cuisine de haute pr\u00e9cision, sinc\u00e8re et conviviale repose sur des valeurs simples : travailler avec rigueur, valoriser les produits frais, respecter leur saisonnalit\u00e9 et proposer une approche sur-mesure \u00e0 ses clients. <\/p>\n<p>C\u2019est entour\u00e9 d\u2019une \u00e9quipe de passionn\u00e9s qu\u2019il propose aujourd\u2019hui des plats authentiques et savoureux et \u00e9labore des \u00e9v\u00e9nements enti\u00e8rement personnalis\u00e9s pour les entreprises et les particuliers.<\/p><\/div>\n<div class=\"one_half parallax_scroll_image last\" style=\"width:50%;\"><\/div>\n<p><br class=\"clear\"\/><\/div>\n<\/div>\n<\/div>\n<\/div>\n<div  class=\"one ppb_card_two_cols_with_image\" style=\"position:relative;padding:0px 0 0px 0;\" >\n<div class=\"standard_wrapper\">\n<div class=\"page_content_wrapper\">\n<div class=\"inner\">\n<div class=\"one_half parallax_scroll\" style=\"width:50%;position:absolute;left:90px;padding:0px;z-index:2;block !important;background:#fff;\" data-stellar-ratio=\"1.3\">\n<h2 class=\"ppb_title\" ><span class=\"ppb_title_first\" >Passion,<\/span>inspiration &amp; exigence<\/h2>\n<div class=\"page_header_sep left\" ><\/div>\n<p>Passionn\u00e9 par l\u2019univers gastronomique, Olivier Bergelin entreprend des \u00e9tudes de cuisine et de p\u00e2tisserie avant de faire son apprentissage dans le restaurant \u00e9toil\u00e9 Les Gourmets. Disciple d&rsquo;Auguste Escoffier, il se sp\u00e9cialise en buffets sal\u00e9s et cr\u00e9ations glac\u00e9es avant d\u2019int\u00e9grer le Grand H\u00f4tel de Saint Jean Cap Ferrat o\u00f9 il propose pendant 15 ans une cuisine gastronomique inspir\u00e9e des saveurs m\u00e9diterran\u00e9ennes.<\/p>\n<p>Globe-trotter dans l\u2019\u00e2me, il s\u2019envole pour le Mexique et devient Chef Ex\u00e9cutif de l\u2019H\u00f4tel 4 \u00e9toiles Bel Air Costa Careyes. Parall\u00e8lement, il exerce comme Chef particulier pour des personnalit\u00e9s de la sc\u00e8ne politique et artistique internationale telles que Sir Elton John, Victoria et David Beckham&#8230;<\/p>\n<p>En 2019, c\u2019est fort de ces ann\u00e9es d&rsquo;exp\u00e9rience qu\u2019il se lance en famille dans une nouvelle aventure : devenir le 1er traiteur \u00e9v\u00e9nementiel du Var et des Alpes maritimes. Sa cuisine de haute pr\u00e9cision, sinc\u00e8re et conviviale repose sur des valeurs simples : travailler avec rigueur, valoriser les produits frais, respecter leur saisonnalit\u00e9 et proposer une approche sur-mesure \u00e0 ses clients. <\/p>\n<p>C\u2019est entour\u00e9 d\u2019une \u00e9quipe de passionn\u00e9s qu\u2019il propose aujourd\u2019hui des plats authentiques et savoureux et \u00e9labore des \u00e9v\u00e9nements enti\u00e8rement personnalis\u00e9s pour les entreprises et les particuliers.<\/p><\/div>\n<div class=\"one_half parallax_scroll_image last\" style=\"width:50%;\"><\/div>\n<p><br class=\"clear\"\/><\/div>\n<\/div>\n<\/div>\n<\/div>\n<div  class=\"one ppb_card_two_cols_with_image\" style=\"position:relative;padding:0px 0 0px 0;\" >\n<div class=\"standard_wrapper\">\n<div class=\"page_content_wrapper\">\n<div class=\"inner\">\n<div class=\"one_half parallax_scroll\" style=\"width:50%;position:absolute;left:90px;padding:0px;z-index:2;block !important;background:#fff;\" data-stellar-ratio=\"1.3\">\n<h2 class=\"ppb_title\" ><span class=\"ppb_title_first\" >Passion,<\/span>inspiration &amp; exigence<\/h2>\n<div class=\"page_header_sep left\" ><\/div>\n<p>Passionn\u00e9 par l\u2019univers gastronomique, Olivier Bergelin entreprend des \u00e9tudes de cuisine et de p\u00e2tisserie avant de faire son apprentissage dans le restaurant \u00e9toil\u00e9 Les Gourmets. Disciple d&rsquo;Auguste Escoffier, il se sp\u00e9cialise en buffets sal\u00e9s et cr\u00e9ations glac\u00e9es avant d\u2019int\u00e9grer le Grand H\u00f4tel de Saint Jean Cap Ferrat o\u00f9 il propose pendant 15 ans une cuisine gastronomique inspir\u00e9e des saveurs m\u00e9diterran\u00e9ennes.<\/p>\n<p>Globe-trotter dans l\u2019\u00e2me, il s\u2019envole pour le Mexique et devient Chef Ex\u00e9cutif de l\u2019H\u00f4tel 4 \u00e9toiles Bel Air Costa Careyes. Parall\u00e8lement, il exerce comme Chef particulier pour des personnalit\u00e9s de la sc\u00e8ne politique et artistique internationale telles que Sir Elton John, Victoria et David Beckham&#8230;<\/p>\n<p>En 2019, c\u2019est fort de ces ann\u00e9es d&rsquo;exp\u00e9rience qu\u2019il se lance en famille dans une nouvelle aventure : devenir le 1er traiteur \u00e9v\u00e9nementiel du Var et des Alpes maritimes. Sa cuisine de haute pr\u00e9cision, sinc\u00e8re et conviviale repose sur des valeurs simples : travailler avec rigueur, valoriser les produits frais, respecter leur saisonnalit\u00e9 et proposer une approche sur-mesure \u00e0 ses clients. <\/p>\n<p>C\u2019est entour\u00e9 d\u2019une \u00e9quipe de passionn\u00e9s qu\u2019il propose aujourd\u2019hui des plats authentiques et savoureux et \u00e9labore des \u00e9v\u00e9nements enti\u00e8rement personnalis\u00e9s pour les entreprises et les particuliers.<\/p><\/div>\n<div class=\"one_half parallax_scroll_image last\" style=\"width:50%;\"><\/div>\n<p><br class=\"clear\"\/><\/div>\n<\/div>\n<\/div>\n<\/div>\n<div  class=\"one ppb_card_two_cols_with_image\" style=\"position:relative;padding:0px 0 0px 0;\" >\n<div class=\"standard_wrapper\">\n<div class=\"page_content_wrapper\">\n<div class=\"inner\">\n<div class=\"one_half parallax_scroll\" style=\"width:50%;position:absolute;left:90px;padding:0px;z-index:2;block !important;background:#fff;\" data-stellar-ratio=\"1.3\">\n<h2 class=\"ppb_title\" ><span class=\"ppb_title_first\" >Passion,<\/span>inspiration &amp; exigence<\/h2>\n<div class=\"page_header_sep left\" ><\/div>\n<p>Passionn\u00e9 par l\u2019univers gastronomique, Olivier Bergelin entreprend des \u00e9tudes de cuisine et de p\u00e2tisserie avant de faire son apprentissage dans le restaurant \u00e9toil\u00e9 Les Gourmets. Disciple d&rsquo;Auguste Escoffier, il se sp\u00e9cialise en buffets sal\u00e9s et cr\u00e9ations glac\u00e9es avant d\u2019int\u00e9grer le Grand H\u00f4tel de Saint Jean Cap Ferrat o\u00f9 il propose pendant 15 ans une cuisine gastronomique inspir\u00e9e des saveurs m\u00e9diterran\u00e9ennes.<\/p>\n<p>Globe-trotter dans l\u2019\u00e2me, il s\u2019envole pour le Mexique et devient Chef Ex\u00e9cutif de l\u2019H\u00f4tel 4 \u00e9toiles Bel Air Costa Careyes. Parall\u00e8lement, il exerce comme Chef particulier pour des personnalit\u00e9s de la sc\u00e8ne politique et artistique internationale telles que Sir Elton John, Victoria et David Beckham&#8230;<\/p>\n<p>En 2019, c\u2019est fort de ces ann\u00e9es d&rsquo;exp\u00e9rience qu\u2019il se lance en famille dans une nouvelle aventure : devenir le 1er traiteur \u00e9v\u00e9nementiel du Var et des Alpes maritimes. Sa cuisine de haute pr\u00e9cision, sinc\u00e8re et conviviale repose sur des valeurs simples : travailler avec rigueur, valoriser les produits frais, respecter leur saisonnalit\u00e9 et proposer une approche sur-mesure \u00e0 ses clients. <\/p>\n<p>C\u2019est entour\u00e9 d\u2019une \u00e9quipe de passionn\u00e9s qu\u2019il propose aujourd\u2019hui des plats authentiques et savoureux et \u00e9labore des \u00e9v\u00e9nements enti\u00e8rement personnalis\u00e9s pour les entreprises et les particuliers.<\/p><\/div>\n<div class=\"one_half parallax_scroll_image last\" style=\"width:50%;\"><\/div>\n<p><br class=\"clear\"\/><\/div>\n<\/div>\n<\/div>\n<\/div>\n<div  class=\"one ppb_card_two_cols_with_image\" style=\"position:relative;padding:0px 0 0px 0;\" >\n<div class=\"standard_wrapper\">\n<div class=\"page_content_wrapper\">\n<div class=\"inner\">\n<div class=\"one_half parallax_scroll\" style=\"width:50%;position:absolute;left:90px;padding:0px;z-index:2;block !important;background:#fff;\" data-stellar-ratio=\"1.3\">\n<h2 class=\"ppb_title\" ><span class=\"ppb_title_first\" >Passion,<\/span>inspiration &amp; exigence<\/h2>\n<div class=\"page_header_sep left\" ><\/div>\n<p>Passionn\u00e9 par l\u2019univers gastronomique, Olivier Bergelin entreprend des \u00e9tudes de cuisine et de p\u00e2tisserie avant de faire son apprentissage dans le restaurant \u00e9toil\u00e9 Les Gourmets. Disciple d&rsquo;Auguste Escoffier, il se sp\u00e9cialise en buffets sal\u00e9s et cr\u00e9ations glac\u00e9es avant d\u2019int\u00e9grer le Grand H\u00f4tel de Saint Jean Cap Ferrat o\u00f9 il propose pendant 15 ans une cuisine gastronomique inspir\u00e9e des saveurs m\u00e9diterran\u00e9ennes.<\/p>\n<p>Globe-trotter dans l\u2019\u00e2me, il s\u2019envole pour le Mexique et devient Chef Ex\u00e9cutif de l\u2019H\u00f4tel 4 \u00e9toiles Bel Air Costa Careyes. Parall\u00e8lement, il exerce comme Chef particulier pour des personnalit\u00e9s de la sc\u00e8ne politique et artistique internationale telles que Sir Elton John, Victoria et David Beckham&#8230;<\/p>\n<p>En 2019, c\u2019est fort de ces ann\u00e9es d&rsquo;exp\u00e9rience qu\u2019il se lance en famille dans une nouvelle aventure : devenir le 1er traiteur \u00e9v\u00e9nementiel du Var et des Alpes maritimes. Sa cuisine de haute pr\u00e9cision, sinc\u00e8re et conviviale repose sur des valeurs simples : travailler avec rigueur, valoriser les produits frais, respecter leur saisonnalit\u00e9 et proposer une approche sur-mesure \u00e0 ses clients. <\/p>\n<p>C\u2019est entour\u00e9 d\u2019une \u00e9quipe de passionn\u00e9s qu\u2019il propose aujourd\u2019hui des plats authentiques et savoureux et \u00e9labore des \u00e9v\u00e9nements enti\u00e8rement personnalis\u00e9s pour les entreprises et les particuliers.<\/p><\/div>\n<div class=\"one_half parallax_scroll_image last\" style=\"width:50%;\"><\/div>\n<p><br class=\"clear\"\/><\/div>\n<\/div>\n<\/div>\n<\/div>\n<div  class=\"one withsmallpadding ppb_header \" style=\"text-align:left;padding:30px 0 30px 0;\" >\n<div class=\"standard_wrapper\">\n<div class=\"page_content_wrapper\">\n<div class=\"inner\">\n<div style=\"margin:auto;width:100%%;\">\n<h2 class=\"ppb_title\" style=\"\"><span class=\"ppb_title_first\" >Notre<\/span>\u00e9quipe<\/h2>\n<div class=\"page_header_sep left\"><\/div>\n<\/div>\n<\/div>\n<\/div>\n<\/div>\n<\/div>\n<div  class=\"one withsmallpadding ppb_header \" style=\"text-align:left;padding:30px 0 30px 0;\" >\n<div class=\"standard_wrapper\">\n<div class=\"page_content_wrapper\">\n<div class=\"inner\">\n<div style=\"margin:auto;width:100%%;\">\n<h2 class=\"ppb_title\" style=\"\"><span class=\"ppb_title_first\" >Notre<\/span>\u00e9quipe<\/h2>\n<div class=\"page_header_sep left\"><\/div>\n<\/div>\n<\/div>\n<\/div>\n<\/div>\n<\/div>\n","protected":false},"excerpt":{"rendered":"<p>Passion,inspiration &amp; exigence Passionn\u00e9 par l\u2019univers gastronomique, Olivier Bergelin entreprend des \u00e9tudes de cuisine et de p\u00e2tisserie avant de faire son apprentissage dans le restaurant \u00e9toil\u00e9 Les Gourmets. Disciple d&rsquo;Auguste Escoffier, il se sp\u00e9cialise en buffets sal\u00e9s et cr\u00e9ations glac\u00e9es [&hellip;]<\/p>\n","protected":false},"author":1,"featured_media":0,"parent":0,"menu_order":1,"comment_status":"closed","ping_status":"closed","template":"","meta":{"footnotes":""},"class_list":["post-67","page","type-page","status-publish","hentry"],"_links":{"self":[{"href":"https:\/\/bonn.fr\/index.php\/wp-json\/wp\/v2\/pages\/67","targetHints":{"allow":["GET"]}}],"collection":[{"href":"https:\/\/bonn.fr\/index.php\/wp-json\/wp\/v2\/pages"}],"about":[{"href":"https:\/\/bonn.fr\/index.php\/wp-json\/wp\/v2\/types\/page"}],"author":[{"embeddable":true,"href":"https:\/\/bonn.fr\/index.php\/wp-json\/wp\/v2\/users\/1"}],"replies":[{"embeddable":true,"href":"https:\/\/bonn.fr\/index.php\/wp-json\/wp\/v2\/comments?post=67"}],"version-history":[{"count":105,"href":"https:\/\/bonn.fr\/index.php\/wp-json\/wp\/v2\/pages\/67\/revisions"}],"predecessor-version":[{"id":1624,"href":"https:\/\/bonn.fr\/index.php\/wp-json\/wp\/v2\/pages\/67\/revisions\/1624"}],"wp:attachment":[{"href":"https:\/\/bonn.fr\/index.php\/wp-json\/wp\/v2\/media?parent=67"}],"curies":[{"name":"wp","href":"https:\/\/api.w.org\/{rel}","templated":true}]}}